{"id":634,"date":"2023-05-18T18:26:27","date_gmt":"2023-05-18T21:26:27","guid":{"rendered":"https:\/\/institutosalutar.com.br\/?page_id=634"},"modified":"2025-10-20T16:47:03","modified_gmt":"2025-10-20T19:47:03","slug":"especialidades","status":"publish","type":"page","link":"https:\/\/institutosalutar.com.br\/?page_id=634","title":{"rendered":"Especialidades"},"content":{"rendered":"\t\t<div data-elementor-type=\"wp-page\" data-elementor-id=\"634\" class=\"elementor elementor-634\">\n\t\t\t\t\t\t\t\t\t<section class=\"elementor-section elementor-top-section elementor-element elementor-element-6c4779c elementor-section-boxed elementor-section-height-default elementor-section-height-default\" data-id=\"6c4779c\" data-element_type=\"section\">\n\t\t\t\t\t\t<div class=\"elementor-container elementor-column-gap-default\">\n\t\t\t\t\t<div class=\"elementor-column elementor-col-100 elementor-top-column elementor-element elementor-element-48f8eec\" data-id=\"48f8eec\" data-element_type=\"column\">\n\t\t\t<div class=\"elementor-widget-wrap elementor-element-populated\">\n\t\t\t\t\t\t\t\t<div class=\"elementor-element elementor-element-95c8828 elementor-invisible elementor-widget elementor-widget-heading\" data-id=\"95c8828\" data-element_type=\"widget\" data-settings=\"{&quot;_animation&quot;:&quot;fadeIn&quot;}\" data-widget_type=\"heading.default\">\n\t\t\t\t<div class=\"elementor-widget-container\">\n\t\t\t<style>\/*! elementor - v3.12.1 - 02-04-2023 *\/\n.elementor-heading-title{padding:0;margin:0;line-height:1}.elementor-widget-heading .elementor-heading-title[class*=elementor-size-]>a{color:inherit;font-size:inherit;line-height:inherit}.elementor-widget-heading .elementor-heading-title.elementor-size-small{font-size:15px}.elementor-widget-heading .elementor-heading-title.elementor-size-medium{font-size:19px}.elementor-widget-heading .elementor-heading-title.elementor-size-large{font-size:29px}.elementor-widget-heading .elementor-heading-title.elementor-size-xl{font-size:39px}.elementor-widget-heading .elementor-heading-title.elementor-size-xxl{font-size:59px}<\/style><h2 class=\"elementor-heading-title elementor-size-default\">Especialidades<\/h2>\t\t<\/div>\n\t\t\t\t<\/div>\n\t\t\t\t<div class=\"elementor-element elementor-element-f0f35f1 elementor-widget elementor-widget-heading\" data-id=\"f0f35f1\" data-element_type=\"widget\" data-widget_type=\"heading.default\">\n\t\t\t\t<div class=\"elementor-widget-container\">\n\t\t\t<h2 class=\"elementor-heading-title elementor-size-default\">Confira abaixo as especialidades do Instituto Salutar!<\/h2>\t\t<\/div>\n\t\t\t\t<\/div>\n\t\t\t\t\t<\/div>\n\t\t<\/div>\n\t\t\t\t\t\t\t<\/div>\n\t\t<\/section>\n\t\t\t\t<section class=\"elementor-section elementor-top-section elementor-element elementor-element-980dbb8 elementor-section-full_width elementor-section-stretched elementor-section-height-default elementor-section-height-default\" data-id=\"980dbb8\" data-element_type=\"section\" data-settings=\"{&quot;stretch_section&quot;:&quot;section-stretched&quot;}\">\n\t\t\t\t\t\t<div class=\"elementor-container elementor-column-gap-default\">\n\t\t\t\t\t<div class=\"elementor-column elementor-col-33 elementor-top-column elementor-element elementor-element-2a7fb56\" data-id=\"2a7fb56\" data-element_type=\"column\">\n\t\t\t<div class=\"elementor-widget-wrap elementor-element-populated\">\n\t\t\t\t\t\t\t\t<div class=\"elementor-element elementor-element-8a13c13 elementor-widget elementor-widget-image\" data-id=\"8a13c13\" data-element_type=\"widget\" data-widget_type=\"image.default\">\n\t\t\t\t<div class=\"elementor-widget-container\">\n\t\t\t<style>\/*! elementor - v3.12.1 - 02-04-2023 *\/\n.elementor-widget-image{text-align:center}.elementor-widget-image a{display:inline-block}.elementor-widget-image a img[src$=\".svg\"]{width:48px}.elementor-widget-image img{vertical-align:middle;display:inline-block}<\/style>\t\t\t\t\t\t\t\t\t\t\t\t<img decoding=\"async\" width=\"512\" height=\"512\" src=\"https:\/\/institutosalutar.com.br\/wp-content\/uploads\/2023\/04\/cardiologia.png\" class=\"elementor-animation-grow attachment-large size-large wp-image-274\" alt=\"\" loading=\"lazy\" srcset=\"https:\/\/institutosalutar.com.br\/wp-content\/uploads\/2023\/04\/cardiologia.png 512w, https:\/\/institutosalutar.com.br\/wp-content\/uploads\/2023\/04\/cardiologia-300x300.png 300w, https:\/\/institutosalutar.com.br\/wp-content\/uploads\/2023\/04\/cardiologia-150x150.png 150w, https:\/\/institutosalutar.com.br\/wp-content\/uploads\/2023\/04\/cardiologia-100x100.png 100w\" sizes=\"100vw\" \/>\t\t\t\t\t\t\t\t\t\t\t\t\t\t\t<\/div>\n\t\t\t\t<\/div>\n\t\t\t\t<div class=\"elementor-element elementor-element-3ffde73 elementor-align-center elementor-widget elementor-widget-button\" data-id=\"3ffde73\" data-element_type=\"widget\" data-widget_type=\"button.default\">\n\t\t\t\t<div class=\"elementor-widget-container\">\n\t\t\t\t\t<div class=\"elementor-button-wrapper\">\n\t\t\t<a href=\"#\" class=\"elementor-button-link elementor-button elementor-size-sm elementor-animation-grow\" role=\"button\">\n\t\t\t\t\t\t<span class=\"elementor-button-content-wrapper\">\n\t\t\t\t\t\t<span class=\"elementor-button-text\">Cardiologia<\/span>\n\t\t<\/span>\n\t\t\t\t\t<\/a>\n\t\t<\/div>\n\t\t\t\t<\/div>\n\t\t\t\t<\/div>\n\t\t\t\t\t<\/div>\n\t\t<\/div>\n\t\t\t\t<div class=\"elementor-column elementor-col-33 elementor-top-column elementor-element elementor-element-83676a6\" data-id=\"83676a6\" data-element_type=\"column\">\n\t\t\t<div class=\"elementor-widget-wrap elementor-element-populated\">\n\t\t\t\t\t\t\t\t<div class=\"elementor-element elementor-element-8009a47 elementor-widget elementor-widget-image\" data-id=\"8009a47\" data-element_type=\"widget\" data-widget_type=\"image.default\">\n\t\t\t\t<div class=\"elementor-widget-container\">\n\t\t\t\t\t\t\t\t\t\t\t\t\t\t\t<img decoding=\"async\" width=\"512\" height=\"512\" src=\"https:\/\/institutosalutar.com.br\/wp-content\/uploads\/2023\/04\/pneumologia-1.png\" class=\"elementor-animation-grow attachment-large size-large wp-image-277\" alt=\"\" loading=\"lazy\" srcset=\"https:\/\/institutosalutar.com.br\/wp-content\/uploads\/2023\/04\/pneumologia-1.png 512w, https:\/\/institutosalutar.com.br\/wp-content\/uploads\/2023\/04\/pneumologia-1-300x300.png 300w, https:\/\/institutosalutar.com.br\/wp-content\/uploads\/2023\/04\/pneumologia-1-150x150.png 150w, https:\/\/institutosalutar.com.br\/wp-content\/uploads\/2023\/04\/pneumologia-1-100x100.png 100w\" sizes=\"100vw\" \/>\t\t\t\t\t\t\t\t\t\t\t\t\t\t\t<\/div>\n\t\t\t\t<\/div>\n\t\t\t\t<div class=\"elementor-element elementor-element-0003ba0 elementor-align-center elementor-widget elementor-widget-button\" data-id=\"0003ba0\" data-element_type=\"widget\" data-widget_type=\"button.default\">\n\t\t\t\t<div class=\"elementor-widget-container\">\n\t\t\t\t\t<div class=\"elementor-button-wrapper\">\n\t\t\t<a href=\"#\" class=\"elementor-button-link elementor-button elementor-size-sm elementor-animation-grow\" role=\"button\">\n\t\t\t\t\t\t<span class=\"elementor-button-content-wrapper\">\n\t\t\t\t\t\t<span class=\"elementor-button-text\">Otorrinolaringologia<\/span>\n\t\t<\/span>\n\t\t\t\t\t<\/a>\n\t\t<\/div>\n\t\t\t\t<\/div>\n\t\t\t\t<\/div>\n\t\t\t\t\t<\/div>\n\t\t<\/div>\n\t\t\t\t<div class=\"elementor-column elementor-col-33 elementor-top-column elementor-element elementor-element-66826a1\" data-id=\"66826a1\" data-element_type=\"column\">\n\t\t\t<div class=\"elementor-widget-wrap elementor-element-populated\">\n\t\t\t\t\t\t\t\t<div class=\"elementor-element elementor-element-887d425 elementor-widget elementor-widget-image\" data-id=\"887d425\" data-element_type=\"widget\" data-widget_type=\"image.default\">\n\t\t\t\t<div class=\"elementor-widget-container\">\n\t\t\t\t\t\t\t\t\t\t\t\t\t\t\t<img decoding=\"async\" width=\"512\" height=\"512\" src=\"https:\/\/institutosalutar.com.br\/wp-content\/uploads\/2023\/03\/pneumologia.png\" class=\"elementor-animation-grow attachment-large size-large wp-image-87\" alt=\"\" loading=\"lazy\" srcset=\"https:\/\/institutosalutar.com.br\/wp-content\/uploads\/2023\/03\/pneumologia.png 512w, https:\/\/institutosalutar.com.br\/wp-content\/uploads\/2023\/03\/pneumologia-300x300.png 300w, https:\/\/institutosalutar.com.br\/wp-content\/uploads\/2023\/03\/pneumologia-100x100.png 100w, https:\/\/institutosalutar.com.br\/wp-content\/uploads\/2023\/03\/pneumologia-150x150.png 150w\" sizes=\"100vw\" \/>\t\t\t\t\t\t\t\t\t\t\t\t\t\t\t<\/div>\n\t\t\t\t<\/div>\n\t\t\t\t<div class=\"elementor-element elementor-element-d586f07 elementor-align-center elementor-widget elementor-widget-button\" data-id=\"d586f07\" data-element_type=\"widget\" data-widget_type=\"button.default\">\n\t\t\t\t<div class=\"elementor-widget-container\">\n\t\t\t\t\t<div class=\"elementor-button-wrapper\">\n\t\t\t<a href=\"#\" class=\"elementor-button-link elementor-button elementor-size-sm elementor-animation-grow\" role=\"button\">\n\t\t\t\t\t\t<span class=\"elementor-button-content-wrapper\">\n\t\t\t\t\t\t<span class=\"elementor-button-text\">Pneumologia<\/span>\n\t\t<\/span>\n\t\t\t\t\t<\/a>\n\t\t<\/div>\n\t\t\t\t<\/div>\n\t\t\t\t<\/div>\n\t\t\t\t\t<\/div>\n\t\t<\/div>\n\t\t\t\t\t\t\t<\/div>\n\t\t<\/section>\n\t\t\t\t<section class=\"elementor-section elementor-top-section elementor-element elementor-element-c64a718 elementor-section-full_width elementor-section-stretched elementor-section-height-default elementor-section-height-default\" data-id=\"c64a718\" data-element_type=\"section\" data-settings=\"{&quot;stretch_section&quot;:&quot;section-stretched&quot;}\">\n\t\t\t\t\t\t<div class=\"elementor-container elementor-column-gap-default\">\n\t\t\t\t\t<div class=\"elementor-column elementor-col-33 elementor-top-column elementor-element elementor-element-c9e4aee\" data-id=\"c9e4aee\" data-element_type=\"column\">\n\t\t\t<div class=\"elementor-widget-wrap elementor-element-populated\">\n\t\t\t\t\t\t\t\t<div class=\"elementor-element elementor-element-c0f2402 elementor-widget elementor-widget-image\" data-id=\"c0f2402\" data-element_type=\"widget\" data-widget_type=\"image.default\">\n\t\t\t\t<div class=\"elementor-widget-container\">\n\t\t\t\t\t\t\t\t\t\t\t\t\t\t\t<img decoding=\"async\" width=\"512\" height=\"512\" src=\"https:\/\/institutosalutar.com.br\/wp-content\/uploads\/2023\/04\/sla.png\" class=\"elementor-animation-grow attachment-large size-large wp-image-278\" alt=\"\" loading=\"lazy\" srcset=\"https:\/\/institutosalutar.com.br\/wp-content\/uploads\/2023\/04\/sla.png 512w, https:\/\/institutosalutar.com.br\/wp-content\/uploads\/2023\/04\/sla-300x300.png 300w, https:\/\/institutosalutar.com.br\/wp-content\/uploads\/2023\/04\/sla-150x150.png 150w, https:\/\/institutosalutar.com.br\/wp-content\/uploads\/2023\/04\/sla-100x100.png 100w\" sizes=\"100vw\" \/>\t\t\t\t\t\t\t\t\t\t\t\t\t\t\t<\/div>\n\t\t\t\t<\/div>\n\t\t\t\t<div class=\"elementor-element elementor-element-c7661b9 elementor-align-center elementor-widget elementor-widget-button\" data-id=\"c7661b9\" data-element_type=\"widget\" data-widget_type=\"button.default\">\n\t\t\t\t<div class=\"elementor-widget-container\">\n\t\t\t\t\t<div class=\"elementor-button-wrapper\">\n\t\t\t<a href=\"#\" class=\"elementor-button-link elementor-button elementor-size-sm elementor-animation-grow\" role=\"button\">\n\t\t\t\t\t\t<span class=\"elementor-button-content-wrapper\">\n\t\t\t\t\t\t<span class=\"elementor-button-text\">Fisioterapia respirat\u00f3ria<\/span>\n\t\t<\/span>\n\t\t\t\t\t<\/a>\n\t\t<\/div>\n\t\t\t\t<\/div>\n\t\t\t\t<\/div>\n\t\t\t\t\t<\/div>\n\t\t<\/div>\n\t\t\t\t<div class=\"elementor-column elementor-col-33 elementor-top-column elementor-element elementor-element-a7b5b10\" data-id=\"a7b5b10\" data-element_type=\"column\">\n\t\t\t<div class=\"elementor-widget-wrap elementor-element-populated\">\n\t\t\t\t\t\t\t\t<div class=\"elementor-element elementor-element-f31bfd5 elementor-widget elementor-widget-image\" data-id=\"f31bfd5\" data-element_type=\"widget\" data-widget_type=\"image.default\">\n\t\t\t\t<div class=\"elementor-widget-container\">\n\t\t\t\t\t\t\t\t\t\t\t\t\t\t\t<img decoding=\"async\" width=\"594\" height=\"596\" src=\"https:\/\/institutosalutar.com.br\/wp-content\/uploads\/2023\/06\/Logo-Vetorizada.pdf-5-e1686253943559.png\" class=\"elementor-animation-grow attachment-large size-large wp-image-902\" alt=\"\" loading=\"lazy\" srcset=\"https:\/\/institutosalutar.com.br\/wp-content\/uploads\/2023\/06\/Logo-Vetorizada.pdf-5-e1686253943559.png 594w, https:\/\/institutosalutar.com.br\/wp-content\/uploads\/2023\/06\/Logo-Vetorizada.pdf-5-e1686253943559-300x300.png 300w, https:\/\/institutosalutar.com.br\/wp-content\/uploads\/2023\/06\/Logo-Vetorizada.pdf-5-e1686253943559-150x150.png 150w, https:\/\/institutosalutar.com.br\/wp-content\/uploads\/2023\/06\/Logo-Vetorizada.pdf-5-e1686253943559-100x100.png 100w\" sizes=\"100vw\" \/>\t\t\t\t\t\t\t\t\t\t\t\t\t\t\t<\/div>\n\t\t\t\t<\/div>\n\t\t\t\t<div class=\"elementor-element elementor-element-b1cd6dc elementor-align-center elementor-widget elementor-widget-button\" data-id=\"b1cd6dc\" data-element_type=\"widget\" data-widget_type=\"button.default\">\n\t\t\t\t<div class=\"elementor-widget-container\">\n\t\t\t\t\t<div class=\"elementor-button-wrapper\">\n\t\t\t<a href=\"#\" class=\"elementor-button-link elementor-button elementor-size-sm elementor-animation-grow\" role=\"button\">\n\t\t\t\t\t\t<span class=\"elementor-button-content-wrapper\">\n\t\t\t\t\t\t<span class=\"elementor-button-text\">Fisioterapia ortop\u00e9dica e neurol\u00f3gica<\/span>\n\t\t<\/span>\n\t\t\t\t\t<\/a>\n\t\t<\/div>\n\t\t\t\t<\/div>\n\t\t\t\t<\/div>\n\t\t\t\t\t<\/div>\n\t\t<\/div>\n\t\t\t\t<div class=\"elementor-column elementor-col-33 elementor-top-column elementor-element elementor-element-26e2b54\" data-id=\"26e2b54\" data-element_type=\"column\">\n\t\t\t<div class=\"elementor-widget-wrap elementor-element-populated\">\n\t\t\t\t\t\t\t\t<div class=\"elementor-element elementor-element-75d718a elementor-widget elementor-widget-image\" data-id=\"75d718a\" data-element_type=\"widget\" data-widget_type=\"image.default\">\n\t\t\t\t<div class=\"elementor-widget-container\">\n\t\t\t\t\t\t\t\t\t\t\t\t\t\t\t<img decoding=\"async\" width=\"512\" height=\"512\" src=\"https:\/\/institutosalutar.com.br\/wp-content\/uploads\/2023\/05\/jump-1.png\" class=\"elementor-animation-grow attachment-large size-large wp-image-620\" alt=\"\" loading=\"lazy\" srcset=\"https:\/\/institutosalutar.com.br\/wp-content\/uploads\/2023\/05\/jump-1.png 512w, https:\/\/institutosalutar.com.br\/wp-content\/uploads\/2023\/05\/jump-1-300x300.png 300w, https:\/\/institutosalutar.com.br\/wp-content\/uploads\/2023\/05\/jump-1-150x150.png 150w, https:\/\/institutosalutar.com.br\/wp-content\/uploads\/2023\/05\/jump-1-100x100.png 100w\" sizes=\"100vw\" \/>\t\t\t\t\t\t\t\t\t\t\t\t\t\t\t<\/div>\n\t\t\t\t<\/div>\n\t\t\t\t<div class=\"elementor-element elementor-element-bfba53d elementor-align-center elementor-widget elementor-widget-button\" data-id=\"bfba53d\" data-element_type=\"widget\" data-widget_type=\"button.default\">\n\t\t\t\t<div class=\"elementor-widget-container\">\n\t\t\t\t\t<div class=\"elementor-button-wrapper\">\n\t\t\t<a href=\"#\" class=\"elementor-button-link elementor-button elementor-size-sm elementor-animation-grow\" role=\"button\">\n\t\t\t\t\t\t<span class=\"elementor-button-content-wrapper\">\n\t\t\t\t\t\t<span class=\"elementor-button-text\">Reabilita\u00e7\u00e3o<br>cardiopulmonar<br>e metab\u00f3lica<\/span>\n\t\t<\/span>\n\t\t\t\t\t<\/a>\n\t\t<\/div>\n\t\t\t\t<\/div>\n\t\t\t\t<\/div>\n\t\t\t\t\t<\/div>\n\t\t<\/div>\n\t\t\t\t\t\t\t<\/div>\n\t\t<\/section>\n\t\t\t\t<section class=\"elementor-section elementor-top-section elementor-element elementor-element-5cfc104 elementor-section-full_width elementor-section-stretched elementor-section-height-default elementor-section-height-default\" data-id=\"5cfc104\" data-element_type=\"section\" data-settings=\"{&quot;stretch_section&quot;:&quot;section-stretched&quot;}\">\n\t\t\t\t\t\t<div class=\"elementor-container elementor-column-gap-default\">\n\t\t\t\t\t<div class=\"elementor-column elementor-col-33 elementor-top-column elementor-element elementor-element-47254ca\" data-id=\"47254ca\" data-element_type=\"column\">\n\t\t\t<div class=\"elementor-widget-wrap\">\n\t\t\t\t\t\t\t\t\t<\/div>\n\t\t<\/div>\n\t\t\t\t<div class=\"elementor-column elementor-col-33 elementor-top-column elementor-element elementor-element-17279c1\" data-id=\"17279c1\" data-element_type=\"column\">\n\t\t\t<div class=\"elementor-widget-wrap elementor-element-populated\">\n\t\t\t\t\t\t\t\t<div class=\"elementor-element elementor-element-ce91977 elementor-widget elementor-widget-image\" data-id=\"ce91977\" data-element_type=\"widget\" data-widget_type=\"image.default\">\n\t\t\t\t<div class=\"elementor-widget-container\">\n\t\t\t\t\t\t\t\t\t\t\t\t\t\t\t<img decoding=\"async\" width=\"512\" height=\"512\" src=\"https:\/\/institutosalutar.com.br\/wp-content\/uploads\/2023\/05\/balanca.png\" class=\"elementor-animation-grow attachment-large size-large wp-image-622\" alt=\"\" loading=\"lazy\" srcset=\"https:\/\/institutosalutar.com.br\/wp-content\/uploads\/2023\/05\/balanca.png 512w, https:\/\/institutosalutar.com.br\/wp-content\/uploads\/2023\/05\/balanca-300x300.png 300w, https:\/\/institutosalutar.com.br\/wp-content\/uploads\/2023\/05\/balanca-150x150.png 150w, https:\/\/institutosalutar.com.br\/wp-content\/uploads\/2023\/05\/balanca-100x100.png 100w\" sizes=\"100vw\" \/>\t\t\t\t\t\t\t\t\t\t\t\t\t\t\t<\/div>\n\t\t\t\t<\/div>\n\t\t\t\t<div class=\"elementor-element elementor-element-c57c323 elementor-align-center elementor-widget elementor-widget-button\" data-id=\"c57c323\" data-element_type=\"widget\" data-widget_type=\"button.default\">\n\t\t\t\t<div class=\"elementor-widget-container\">\n\t\t\t\t\t<div class=\"elementor-button-wrapper\">\n\t\t\t<a href=\"#\" class=\"elementor-button-link elementor-button elementor-size-sm elementor-animation-grow\" role=\"button\">\n\t\t\t\t\t\t<span class=\"elementor-button-content-wrapper\">\n\t\t\t\t\t\t<span class=\"elementor-button-text\">Nutri\u00e7\u00e3o<\/span>\n\t\t<\/span>\n\t\t\t\t\t<\/a>\n\t\t<\/div>\n\t\t\t\t<\/div>\n\t\t\t\t<\/div>\n\t\t\t\t\t<\/div>\n\t\t<\/div>\n\t\t\t\t<div class=\"elementor-column elementor-col-33 elementor-top-column elementor-element elementor-element-3c7e766\" data-id=\"3c7e766\" data-element_type=\"column\">\n\t\t\t<div class=\"elementor-widget-wrap\">\n\t\t\t\t\t\t\t\t\t<\/div>\n\t\t<\/div>\n\t\t\t\t\t\t\t<\/div>\n\t\t<\/section>\n\t\t\t\t\t\t\t<\/div>\n\t\t","protected":false},"excerpt":{"rendered":"<p>Especialidades Confira abaixo as especialidades do Instituto Salutar! Cardiologia Otorrinolaringologia Pneumologia Fisioterapia respirat\u00f3ria Fisioterapia ortop\u00e9dica e neurol\u00f3gica Reabilita\u00e7\u00e3ocardiopulmonare metab\u00f3lica Nutri\u00e7\u00e3o<\/p>\n","protected":false},"author":1,"featured_media":0,"parent":0,"menu_order":0,"comment_status":"closed","ping_status":"closed","template":"","meta":{"om_disable_all_campaigns":false,"_mi_skip_tracking":false,"inspiro_hide_title":false},"aioseo_notices":[],"_links":{"self":[{"href":"https:\/\/institutosalutar.com.br\/index.php?rest_route=\/wp\/v2\/pages\/634"}],"collection":[{"href":"https:\/\/institutosalutar.com.br\/index.php?rest_route=\/wp\/v2\/pages"}],"about":[{"href":"https:\/\/institutosalutar.com.br\/index.php?rest_route=\/wp\/v2\/types\/page"}],"author":[{"embeddable":true,"href":"https:\/\/institutosalutar.com.br\/index.php?rest_route=\/wp\/v2\/users\/1"}],"replies":[{"embeddable":true,"href":"https:\/\/institutosalutar.com.br\/index.php?rest_route=%2Fwp%2Fv2%2Fcomments&post=634"}],"version-history":[{"count":38,"href":"https:\/\/institutosalutar.com.br\/index.php?rest_route=\/wp\/v2\/pages\/634\/revisions"}],"predecessor-version":[{"id":1034,"href":"https:\/\/institutosalutar.com.br\/index.php?rest_route=\/wp\/v2\/pages\/634\/revisions\/1034"}],"wp:attachment":[{"href":"https:\/\/institutosalutar.com.br\/index.php?rest_route=%2Fwp%2Fv2%2Fmedia&parent=634"}],"curies":[{"name":"wp","href":"https:\/\/api.w.org\/{rel}","templated":true}]}}